{"id":2289,"date":"2019-11-20T17:57:59","date_gmt":"2019-11-20T17:57:59","guid":{"rendered":"http:\/\/www.inspireintegration.org\/?page_id=2289"},"modified":"2019-12-21T10:37:14","modified_gmt":"2019-12-21T10:37:14","slug":"niger","status":"publish","type":"page","link":"https:\/\/www.inspireintegration.org\/?page_id=2289","title":{"rendered":"Niger"},"content":{"rendered":"\n<div class=\"wp-block-image\"><figure class=\"aligncenter size-large\"><img loading=\"lazy\" decoding=\"async\" width=\"945\" height=\"658\" src=\"https:\/\/www.inspireintegration.org\/wp-content\/uploads\/2019\/12\/CS_Niger.jpg\" alt=\"\" class=\"wp-image-2307\" srcset=\"https:\/\/www.inspireintegration.org\/wp-content\/uploads\/2019\/12\/CS_Niger.jpg 945w, https:\/\/www.inspireintegration.org\/wp-content\/uploads\/2019\/12\/CS_Niger-300x209.jpg 300w, https:\/\/www.inspireintegration.org\/wp-content\/uploads\/2019\/12\/CS_Niger-768x535.jpg 768w, https:\/\/www.inspireintegration.org\/wp-content\/uploads\/2019\/12\/CS_Niger-360x250.jpg 360w\" sizes=\"auto, (max-width: 945px) 100vw, 945px\" \/><figcaption><strong>Centre de Sant\u00e9 d&rsquo;AGUIE au Niger <\/strong><\/figcaption><\/figure><\/div>\n\n\n\n<p style=\"font-size:22px\" class=\"has-text-align-center\"><strong>Les Indicateurs Sanitaires du Niger en 2018<\/strong><\/p>\n\n\n\n<ul class=\"wp-block-list\"><li> <strong>Pr\u00e9valence contraceptive (Toutes les m\u00e9thodes Femmes en Unions)&nbsp;: 11 % <\/strong><\/li><li><strong>Besoins non satisfaits chez les femmes en union : 15 %<\/strong><\/li><li><strong>Pr\u00e9valence malnutrition chronique globale : 42,2 % <\/strong><\/li><li><strong>Pr\u00e9valence malnutrition chronique s\u00e9v\u00e8re : 18,1 %<\/strong><\/li><li><strong>Ratio de mortalit\u00e9 maternelle (Nombre de d\u00e9c\u00e8s sur 100 000 naissances vivantes)&nbsp;: 520 <\/strong><\/li><li><strong>Taux de mortalit\u00e9 n\u00e9onatale ; 28\u2030 <\/strong><\/li><li><strong>Taux de mortalit\u00e9 infantile: 48 \u2030 <\/strong><\/li><li><strong>Allaitement maternel exclusif (enfants moins de 6 mois) : 30 %<\/strong><\/li><li><strong>Proportion de femmes enceintes an\u00e9mi\u00e9es : 55,6 %<\/strong><\/li><li><strong>Proportion de femmes allaitantes an\u00e9mi\u00e9es : 53,2%<\/strong> <\/li><\/ul>\n\n\n\n<p style=\"font-size:14px\" class=\"has-text-align-right\"> <em><strong>Source <\/strong><\/em>: Rapport d\u2019\u00e9valuation des besoins pour l\u2019int\u00e9gration des soins de sant\u00e9 PFPP-SMNI-Nutrition du Niger; 2018<\/p>\n","protected":false},"excerpt":{"rendered":"<p>Les Indicateurs Sanitaires du Niger en 2018 Pr\u00e9valence contraceptive (Toutes les m\u00e9thodes Femmes en Unions)&nbsp;: 11 % Besoins non satisfaits chez les femmes en union : 15 % Pr\u00e9valence malnutrition chronique globale : 42,2 % Pr\u00e9valence malnutrition chronique s\u00e9v\u00e8re : 18,1 % Ratio de mortalit\u00e9 maternelle (Nombre de d\u00e9c\u00e8s sur 100 000 naissances vivantes)&nbsp;: 520 [&hellip;]<\/p>\n","protected":false},"author":1,"featured_media":0,"parent":0,"menu_order":0,"comment_status":"closed","ping_status":"closed","template":"","meta":{"_bbp_topic_count":0,"_bbp_reply_count":0,"_bbp_total_topic_count":0,"_bbp_total_reply_count":0,"_bbp_voice_count":0,"_bbp_anonymous_reply_count":0,"_bbp_topic_count_hidden":0,"_bbp_reply_count_hidden":0,"_bbp_forum_subforum_count":0,"footnotes":""},"class_list":["post-2289","page","type-page","status-publish","hentry"],"_links":{"self":[{"href":"https:\/\/www.inspireintegration.org\/index.php?rest_route=\/wp\/v2\/pages\/2289","targetHints":{"allow":["GET"]}}],"collection":[{"href":"https:\/\/www.inspireintegration.org\/index.php?rest_route=\/wp\/v2\/pages"}],"about":[{"href":"https:\/\/www.inspireintegration.org\/index.php?rest_route=\/wp\/v2\/types\/page"}],"author":[{"embeddable":true,"href":"https:\/\/www.inspireintegration.org\/index.php?rest_route=\/wp\/v2\/users\/1"}],"replies":[{"embeddable":true,"href":"https:\/\/www.inspireintegration.org\/index.php?rest_route=%2Fwp%2Fv2%2Fcomments&post=2289"}],"version-history":[{"count":5,"href":"https:\/\/www.inspireintegration.org\/index.php?rest_route=\/wp\/v2\/pages\/2289\/revisions"}],"predecessor-version":[{"id":2344,"href":"https:\/\/www.inspireintegration.org\/index.php?rest_route=\/wp\/v2\/pages\/2289\/revisions\/2344"}],"wp:attachment":[{"href":"https:\/\/www.inspireintegration.org\/index.php?rest_route=%2Fwp%2Fv2%2Fmedia&parent=2289"}],"curies":[{"name":"wp","href":"https:\/\/api.w.org\/{rel}","templated":true}]}}