{"id":2288,"date":"2019-11-20T17:57:59","date_gmt":"2019-11-20T17:57:59","guid":{"rendered":"http:\/\/www.inspireintegration.org\/?page_id=2288"},"modified":"2019-12-21T10:25:35","modified_gmt":"2019-12-21T10:25:35","slug":"cote-divoire","status":"publish","type":"page","link":"https:\/\/www.inspireintegration.org\/?page_id=2288","title":{"rendered":"C\u00f4te d&rsquo;Ivoire"},"content":{"rendered":"\n<figure class=\"wp-block-image size-large\"><img loading=\"lazy\" decoding=\"async\" width=\"945\" height=\"532\" src=\"https:\/\/www.inspireintegration.org\/wp-content\/uploads\/2019\/12\/CS_CI.jpg\" alt=\"\" class=\"wp-image-2305\" srcset=\"https:\/\/www.inspireintegration.org\/wp-content\/uploads\/2019\/12\/CS_CI.jpg 945w, https:\/\/www.inspireintegration.org\/wp-content\/uploads\/2019\/12\/CS_CI-300x169.jpg 300w, https:\/\/www.inspireintegration.org\/wp-content\/uploads\/2019\/12\/CS_CI-768x432.jpg 768w\" sizes=\"auto, (max-width: 945px) 100vw, 945px\" \/><figcaption><strong>Centre de Sant\u00e9 de AGNILEBEKROU en Cote d&rsquo;Ivoire<\/strong><\/figcaption><\/figure>\n\n\n\n<p class=\"has-text-align-center has-medium-font-size\"><strong>Les Indicateurs Sanitaires de la C\u00f4te d&rsquo;Ivoire en 2018<\/strong><\/p>\n\n\n\n<ul class=\"wp-block-list\"><li><strong>Pr\u00e9valence Contraceptive (Toutes les m\u00e9thodes \/ Femmes en Unions) : 24, 2 %<\/strong><\/li><li><strong>Besoins non satisfaits chez les femmes en union : 19, 4%<\/strong><\/li><li><strong>Pr\u00e9valence malnutrition Chronique globale : 21, 2 % <\/strong><\/li><li><strong>Pr\u00e9valence malnutrition Chronique s\u00e9v\u00e8re : 5,5 %<\/strong><\/li><li><strong>Allaitement maternel exclusif : 47,8 %<\/strong><\/li><li><strong>Taux de mortalit\u00e9 infantile : 42, 7\u2030<\/strong><\/li><li><strong>Taux de mortalit\u00e9 n\u00e9onatale : 23,2 \u2030<\/strong><\/li><li><strong>Ratio de mortalit\u00e9 maternelle (Nombre de d\u00e9c\u00e8s sur 100 000 naissances vivantes) : 330<\/strong><\/li><li><strong>Proportion de femmes enceintes an\u00e9mi\u00e9es : 58 %<\/strong><\/li><li> <strong>Proportion de femmes allaitantes an\u00e9mi\u00e9es : 50 %<\/strong>  <\/li><\/ul>\n\n\n\n<p style=\"font-size:14px\" class=\"has-text-align-right\">  <em><strong>Source <\/strong><\/em>: Rapport d\u2019\u00e9valuation des besoins pour l\u2019int\u00e9gration des soins de sant\u00e9 PFPP-SMNI-Nutrition de la C\u00f4te d\u2019Ivoire; 2018 <\/p>\n","protected":false},"excerpt":{"rendered":"<p>Les Indicateurs Sanitaires de la C\u00f4te d&rsquo;Ivoire en 2018 Pr\u00e9valence Contraceptive (Toutes les m\u00e9thodes \/ Femmes en Unions) : 24, 2 % Besoins non satisfaits chez les femmes en union : 19, 4% Pr\u00e9valence malnutrition Chronique globale : 21, 2 % Pr\u00e9valence malnutrition Chronique s\u00e9v\u00e8re : 5,5 % Allaitement maternel exclusif : 47,8 % Taux [&hellip;]<\/p>\n","protected":false},"author":1,"featured_media":0,"parent":0,"menu_order":0,"comment_status":"closed","ping_status":"closed","template":"","meta":{"_bbp_topic_count":0,"_bbp_reply_count":0,"_bbp_total_topic_count":0,"_bbp_total_reply_count":0,"_bbp_voice_count":0,"_bbp_anonymous_reply_count":0,"_bbp_topic_count_hidden":0,"_bbp_reply_count_hidden":0,"_bbp_forum_subforum_count":0,"footnotes":""},"class_list":["post-2288","page","type-page","status-publish","hentry"],"_links":{"self":[{"href":"https:\/\/www.inspireintegration.org\/index.php?rest_route=\/wp\/v2\/pages\/2288","targetHints":{"allow":["GET"]}}],"collection":[{"href":"https:\/\/www.inspireintegration.org\/index.php?rest_route=\/wp\/v2\/pages"}],"about":[{"href":"https:\/\/www.inspireintegration.org\/index.php?rest_route=\/wp\/v2\/types\/page"}],"author":[{"embeddable":true,"href":"https:\/\/www.inspireintegration.org\/index.php?rest_route=\/wp\/v2\/users\/1"}],"replies":[{"embeddable":true,"href":"https:\/\/www.inspireintegration.org\/index.php?rest_route=%2Fwp%2Fv2%2Fcomments&post=2288"}],"version-history":[{"count":5,"href":"https:\/\/www.inspireintegration.org\/index.php?rest_route=\/wp\/v2\/pages\/2288\/revisions"}],"predecessor-version":[{"id":2341,"href":"https:\/\/www.inspireintegration.org\/index.php?rest_route=\/wp\/v2\/pages\/2288\/revisions\/2341"}],"wp:attachment":[{"href":"https:\/\/www.inspireintegration.org\/index.php?rest_route=%2Fwp%2Fv2%2Fmedia&parent=2288"}],"curies":[{"name":"wp","href":"https:\/\/api.w.org\/{rel}","templated":true}]}}