{"id":2261,"date":"2019-11-20T16:39:08","date_gmt":"2019-11-20T16:39:08","guid":{"rendered":"http:\/\/www.inspireintegration.org\/?page_id=2261"},"modified":"2019-11-20T17:25:11","modified_gmt":"2019-11-20T17:25:11","slug":"nos-formations","status":"publish","type":"page","link":"https:\/\/www.inspireintegration.org\/?page_id=2261","title":{"rendered":"Formations"},"content":{"rendered":"\n<p style=\"background-color:#78496a;font-size:26px\" class=\"has-text-color has-background has-text-align-center has-very-light-gray-color\"><strong><a href=\"https:\/\/www.inspireintegration.org\/foadinspire\/\">Connectez &#8211; vous \u00e0 la plateforme<\/a><\/strong> <\/p>\n\n\n\n<p style=\"font-size:28px\" class=\"has-text-color has-background has-very-dark-gray-color has-very-light-gray-background-color\"><strong>Liste de nos Formations<\/strong><\/p>\n\n\n\n<ul class=\"wp-block-list\"><li>SAA<\/li><li>Soins Pr\u00e9natals<\/li><li>Pr\u00e9vention de la M\u00e8re Enfant<\/li><li>Nutrition M\u00e8re<\/li><li>Counseling Planification Familiale<\/li><li>Accouchement Assist\u00e9\/Partogramme\/GATPA<\/li><li>Planification Familiale PostPartum y compris Post Cesarienne<\/li><li>Consultation NRS sain<\/li><li>Vaccination<\/li><li>Planification Familiale Nutrtion M\u00e8re<\/li><\/ul>\n","protected":false},"excerpt":{"rendered":"<p>Connectez &#8211; vous \u00e0 la plateforme Liste de nos Formations SAA Soins Pr\u00e9natals Pr\u00e9vention de la M\u00e8re Enfant Nutrition M\u00e8re Counseling Planification Familiale Accouchement Assist\u00e9\/Partogramme\/GATPA Planification Familiale PostPartum y compris Post Cesarienne Consultation NRS sain Vaccination Planification Familiale Nutrtion M\u00e8re<\/p>\n","protected":false},"author":1,"featured_media":0,"parent":0,"menu_order":0,"comment_status":"closed","ping_status":"closed","template":"","meta":{"_bbp_topic_count":0,"_bbp_reply_count":0,"_bbp_total_topic_count":0,"_bbp_total_reply_count":0,"_bbp_voice_count":0,"_bbp_anonymous_reply_count":0,"_bbp_topic_count_hidden":0,"_bbp_reply_count_hidden":0,"_bbp_forum_subforum_count":0,"footnotes":""},"class_list":["post-2261","page","type-page","status-publish","hentry"],"_links":{"self":[{"href":"https:\/\/www.inspireintegration.org\/index.php?rest_route=\/wp\/v2\/pages\/2261","targetHints":{"allow":["GET"]}}],"collection":[{"href":"https:\/\/www.inspireintegration.org\/index.php?rest_route=\/wp\/v2\/pages"}],"about":[{"href":"https:\/\/www.inspireintegration.org\/index.php?rest_route=\/wp\/v2\/types\/page"}],"author":[{"embeddable":true,"href":"https:\/\/www.inspireintegration.org\/index.php?rest_route=\/wp\/v2\/users\/1"}],"replies":[{"embeddable":true,"href":"https:\/\/www.inspireintegration.org\/index.php?rest_route=%2Fwp%2Fv2%2Fcomments&post=2261"}],"version-history":[{"count":10,"href":"https:\/\/www.inspireintegration.org\/index.php?rest_route=\/wp\/v2\/pages\/2261\/revisions"}],"predecessor-version":[{"id":2276,"href":"https:\/\/www.inspireintegration.org\/index.php?rest_route=\/wp\/v2\/pages\/2261\/revisions\/2276"}],"wp:attachment":[{"href":"https:\/\/www.inspireintegration.org\/index.php?rest_route=%2Fwp%2Fv2%2Fmedia&parent=2261"}],"curies":[{"name":"wp","href":"https:\/\/api.w.org\/{rel}","templated":true}]}}